{"id":38,"date":"2016-11-24T18:08:55","date_gmt":"2016-11-24T18:08:55","guid":{"rendered":"http:\/\/plethorathemes.com\/hotel-xenia\/?page_id=38"},"modified":"2022-05-18T19:30:59","modified_gmt":"2022-05-18T19:30:59","slug":"rooms","status":"publish","type":"page","link":"https:\/\/www.apartman-medulin.cz\/?page_id=38","title":{"rendered":"Apartm\u00e1ny"},"content":{"rendered":"<p>[vc_row content_placement=&#8220;middle&#8220; row_padding_top=&#8220;padding_top_1-4&#8243; row_padding_bottom=&#8220;padding_bottom_1-4&#8243; css=&#8220;.vc_custom_1652899122518{padding-top: 0px !important;padding-bottom: 0px !important;}&#8220;][vc_column width=&#8220;5\/6&#8243; boxed=&#8220;boxed&#8220; offset=&#8220;vc_col-md-offset-2 vc_col-md-8 vc_col-sm-offset-1&#8243;][vc_column_text]<\/p>\n<h3 style=\"text-align: center;\"><strong>UBYTOV\u00c1N\u00cd<\/strong><\/h3>\n<p style=\"text-align: center;\">Apartm\u00e1ny s ve\u0161ker\u00fdm vybaven\u00edm se nach\u00e1zej\u00ed na adrese Fucane 100 v Medulinu, pouh\u00fdch 250 metr\u016f od kr\u00e1sn\u00e9ho pob\u0159e\u017e\u00ed s p\u00edse\u010dnou pl\u00e1\u017e\u00ed a borov\u00fdm lesem, kter\u00fd se m\u00edrn\u011b sva\u017euje k mo\u0159i.<\/p>\n<p style=\"text-align: center;\">Skl\u00e1daj\u00ed se ze 4 l\u016f\u017eek + (mo\u017en\u00e1 dal\u0161\u00ed-p\u0159ist\u00fdlka) a plocha je 50m2.\u00a0Jsou modern\u011b za\u0159\u00edzen\u00e9 a vybaven\u00e9 satelitn\u00ed ant\u00e9nou a satelitn\u00ed TV.<\/p>\n<p>[\/vc_column_text][\/vc_column][\/vc_row][vc_row css=&#8220;.vc_custom_1652867105103{padding-top: 0px !important;padding-bottom: 0px !important;}&#8220;][vc_column][vc_gallery interval=&#8220;3&#8243; images=&#8220;1008,1007,1006,996,995,994,993,992,991&#8243; img_size=&#8220;1024&#215;1024&#8243;][\/vc_column][\/vc_row]<\/p>\n","protected":false},"excerpt":{"rendered":"<p>[vc_row content_placement=&#8220;middle&#8220; row_padding_top=&#8220;padding_top_1-4&#8243; row_padding_bottom=&#8220;padding_bottom_1-4&#8243; css=&#8220;.vc_custom_1652899122518{padding-top: 0px !important;padding-bottom: 0px !important;}&#8220;][vc_column width=&#8220;5\/6&#8243; boxed=&#8220;boxed&#8220; offset=&#8220;vc_col-md-offset-2 vc_col-md-8 vc_col-sm-offset-1&#8243;][vc_column_text] UBYTOV\u00c1N\u00cd Apartm\u00e1ny s ve\u0161ker\u00fdm vybaven\u00edm se nach\u00e1zej\u00ed na adrese Fucane 100 v Medulinu, pouh\u00fdch 250 metr\u016f od kr\u00e1sn\u00e9ho pob\u0159e\u017e\u00ed s p\u00edse\u010dnou pl\u00e1\u017e\u00ed a borov\u00fdm lesem, kter\u00fd se m\u00edrn\u011b sva\u017euje k mo\u0159i. Skl\u00e1daj\u00ed se ze 4 l\u016f\u017eek + (mo\u017en\u00e1 dal\u0161\u00ed-p\u0159ist\u00fdlka) a plocha [&hellip;]<\/p>\n","protected":false},"author":1,"featured_media":1067,"parent":0,"menu_order":0,"comment_status":"closed","ping_status":"closed","template":"","meta":{"footnotes":""},"class_list":["post-38","page","type-page","status-publish","has-post-thumbnail","hentry"],"_links":{"self":[{"href":"https:\/\/www.apartman-medulin.cz\/index.php?rest_route=\/wp\/v2\/pages\/38","targetHints":{"allow":["GET"]}}],"collection":[{"href":"https:\/\/www.apartman-medulin.cz\/index.php?rest_route=\/wp\/v2\/pages"}],"about":[{"href":"https:\/\/www.apartman-medulin.cz\/index.php?rest_route=\/wp\/v2\/types\/page"}],"author":[{"embeddable":true,"href":"https:\/\/www.apartman-medulin.cz\/index.php?rest_route=\/wp\/v2\/users\/1"}],"replies":[{"embeddable":true,"href":"https:\/\/www.apartman-medulin.cz\/index.php?rest_route=%2Fwp%2Fv2%2Fcomments&post=38"}],"version-history":[{"count":41,"href":"https:\/\/www.apartman-medulin.cz\/index.php?rest_route=\/wp\/v2\/pages\/38\/revisions"}],"predecessor-version":[{"id":1122,"href":"https:\/\/www.apartman-medulin.cz\/index.php?rest_route=\/wp\/v2\/pages\/38\/revisions\/1122"}],"wp:featuredmedia":[{"embeddable":true,"href":"https:\/\/www.apartman-medulin.cz\/index.php?rest_route=\/wp\/v2\/media\/1067"}],"wp:attachment":[{"href":"https:\/\/www.apartman-medulin.cz\/index.php?rest_route=%2Fwp%2Fv2%2Fmedia&parent=38"}],"curies":[{"name":"wp","href":"https:\/\/api.w.org\/{rel}","templated":true}]}}